{"id":260,"date":"2018-03-02T09:32:49","date_gmt":"2018-03-02T09:32:49","guid":{"rendered":"http:\/\/bearingevent.se\/?page_id=260"},"modified":"2018-07-18T11:14:57","modified_gmt":"2018-07-18T11:14:57","slug":"andra-projekt","status":"publish","type":"page","link":"https:\/\/bearingevent.se\/?page_id=260","title":{"rendered":"Andra projekt"},"content":{"rendered":"<p>[et_pb_section fb_built=&#8221;1&#8243; _builder_version=&#8221;3.0.100&#8243; background_image=&#8221;https:\/\/bearingevent.se\/wp-content\/uploads\/2018\/03\/Huvud_Smal_A_besk2_5-mar-2018.png&#8221; box_shadow_style=&#8221;preset3&#8243;][\/et_pb_section][et_pb_section fb_built=&#8221;1&#8243; _builder_version=&#8221;3.0.100&#8243; background_image=&#8221;https:\/\/bearingevent.se\/wp-content\/uploads\/2018\/02\/Bearing-Event-Bj\u00f6rnsp\u00e5r-A-halv3-50-3.png&#8221; background_size=&#8221;contain&#8221; background_position=&#8221;top_left&#8221; custom_padding=&#8221;3px|0px|54px|0px&#8221;][et_pb_row _builder_version=&#8221;3.0.100&#8243; background_size=&#8221;initial&#8221; background_position=&#8221;top_left&#8221; background_repeat=&#8221;repeat&#8221;][et_pb_column type=&#8221;4_4&#8243; _builder_version=&#8221;3.0.47&#8243; parallax=&#8221;off&#8221; parallax_method=&#8221;on&#8221;][et_pb_image _builder_version=&#8221;3.0.100&#8243;][\/et_pb_image][et_pb_text _builder_version=&#8221;3.0.100&#8243; header_font=&#8221;||||||||&#8221; header_3_font=&#8221;||||||||&#8221; header_4_font=&#8221;||||||||&#8221; header_4_line_height=&#8221;1.5em&#8221; background_size=&#8221;initial&#8221; background_position=&#8221;top_left&#8221; background_repeat=&#8221;repeat&#8221; custom_margin=&#8221;|0px||0px&#8221;]<\/p>\n<h2 style=\"text-align: center;\"><img loading=\"lazy\" class=\"wp-image-126 alignnone size-medium\" src=\"https:\/\/bearingevent.se\/wp-content\/uploads\/2018\/02\/Bearing_Widgets_\u00d6vrigt_14-feb-2018-300x300.jpg\" alt=\"\" width=\"66\" height=\"66\" \/><\/h2>\n<p>&nbsp;<\/p>\n<h2 style=\"text-align: center;\">\u00d6vriga projekt:<\/h2>\n<h3><\/h3>\n<h4 style=\"text-align: center;\">H\u00e4r \u00e4r n\u00e5gra sp\u00e4nnande id\u00e9er jag har. Kanske n\u00e5got projekt blir mer konkret&#8230;<\/h4>\n<p>&nbsp;<\/p>\n<p>&nbsp;<\/p>\n<p><img loading=\"lazy\" class=\"wp-image-453 alignnone size-medium\" src=\"https:\/\/bearingevent.se\/wp-content\/uploads\/2018\/03\/Bearing_Widgets_EnergierE_13-mar-2018-300x300.jpg\" alt=\"\" width=\"66\" height=\"66\" style=\"display: block; margin-left: auto; margin-right: auto;\" srcset=\"https:\/\/bearingevent.se\/wp-content\/uploads\/2018\/03\/Bearing_Widgets_EnergierE_13-mar-2018-300x300.jpg 300w, https:\/\/bearingevent.se\/wp-content\/uploads\/2018\/03\/Bearing_Widgets_EnergierE_13-mar-2018-150x150.jpg 150w, https:\/\/bearingevent.se\/wp-content\/uploads\/2018\/03\/Bearing_Widgets_EnergierE_13-mar-2018-768x768.jpg 768w, https:\/\/bearingevent.se\/wp-content\/uploads\/2018\/03\/Bearing_Widgets_EnergierE_13-mar-2018-1024x1024.jpg 1024w, https:\/\/bearingevent.se\/wp-content\/uploads\/2018\/03\/Bearing_Widgets_EnergierE_13-mar-2018-1080x1080.jpg 1080w\" sizes=\"(max-width: 66px) 100vw, 66px\" \/><\/p>\n<h4 style=\"text-align: center;\"><strong>Alla lokaler och butiker<\/strong>\u00a0<\/h4>\n<h4 style=\"text-align: center;\">En tj\u00e4nst f\u00f6r att f\u00e5 in r\u00e4tt energier i butiker och lokaler (en konferenschef p\u00e5 ett av de st\u00f6rsta hotellen i <strong>Las Vegas<\/strong> ber\u00e4ttade f\u00f6r mig hur dom hade byggt och anpassat <span style=\"text-decoration: underline;\">hela<\/span> hotellet\u00a0<em>\u2013<\/em>\u00a02 700 rum\u00a0<em>\u2013\u00a0<\/em>efter dessa teorier&#8230;).<\/h4>\n<p>&nbsp;<\/p>\n<p style=\"text-align: center;\"><img loading=\"lazy\" class=\"wp-image-457 alignnone size-medium\" src=\"https:\/\/bearingevent.se\/wp-content\/uploads\/2018\/03\/Bearing_Widgets_TT1_2-mar-2018-300x300.jpg\" alt=\"\" width=\"66\" height=\"66\" srcset=\"https:\/\/bearingevent.se\/wp-content\/uploads\/2018\/03\/Bearing_Widgets_TT1_2-mar-2018-300x300.jpg 300w, https:\/\/bearingevent.se\/wp-content\/uploads\/2018\/03\/Bearing_Widgets_TT1_2-mar-2018-150x150.jpg 150w, https:\/\/bearingevent.se\/wp-content\/uploads\/2018\/03\/Bearing_Widgets_TT1_2-mar-2018-768x768.jpg 768w, https:\/\/bearingevent.se\/wp-content\/uploads\/2018\/03\/Bearing_Widgets_TT1_2-mar-2018-1024x1024.jpg 1024w, https:\/\/bearingevent.se\/wp-content\/uploads\/2018\/03\/Bearing_Widgets_TT1_2-mar-2018-1080x1080.jpg 1080w\" sizes=\"(max-width: 66px) 100vw, 66px\" \/><\/p>\n<h4 style=\"text-align: center;\"><strong>e-handel<\/strong><\/h4>\n<h4 style=\"text-align: center;\">En partner och jag har hittat en unik produkt, nu unders\u00f6ker vi om det finns intresse av denna produkt till det pris vi har t\u00e4nkt oss&#8230;<\/h4>\n<p>&nbsp;<\/p>\n<p style=\"text-align: center;\"><img loading=\"lazy\" class=\"wp-image-127 alignnone size-medium\" src=\"https:\/\/bearingevent.se\/wp-content\/uploads\/2018\/02\/Bearing_Widgets_IT_14-feb-2018-300x300.jpg\" alt=\"\" width=\"66\" height=\"66\" srcset=\"https:\/\/bearingevent.se\/wp-content\/uploads\/2018\/02\/Bearing_Widgets_IT_14-feb-2018-300x300.jpg 300w, https:\/\/bearingevent.se\/wp-content\/uploads\/2018\/02\/Bearing_Widgets_IT_14-feb-2018-150x150.jpg 150w, https:\/\/bearingevent.se\/wp-content\/uploads\/2018\/02\/Bearing_Widgets_IT_14-feb-2018-768x768.jpg 768w, https:\/\/bearingevent.se\/wp-content\/uploads\/2018\/02\/Bearing_Widgets_IT_14-feb-2018-1024x1024.jpg 1024w, https:\/\/bearingevent.se\/wp-content\/uploads\/2018\/02\/Bearing_Widgets_IT_14-feb-2018-1080x1080.jpg 1080w\" sizes=\"(max-width: 66px) 100vw, 66px\" \/><\/p>\n<pre><\/pre>\n<h4 style=\"text-align: center;\"><strong>IT-projekt<\/strong><\/h4>\n<h4 style=\"text-align: center;\">Jag har en id\u00e9 och har satt en &#8221;hacker&#8221; p\u00e5 att unders\u00f6ka om det \u00e4r tekniskt m\u00f6jligt&#8230;<\/h4>\n<p>&nbsp;<\/p>\n<p style=\"text-align: center;\"><img loading=\"lazy\" class=\"wp-image-455 alignnone size-medium\" src=\"https:\/\/bearingevent.se\/wp-content\/uploads\/2018\/03\/Bearing_Widgets_Merch2_2-mar-2018-300x300.jpg\" alt=\"\" width=\"66\" height=\"66\" srcset=\"https:\/\/bearingevent.se\/wp-content\/uploads\/2018\/03\/Bearing_Widgets_Merch2_2-mar-2018-300x300.jpg 300w, https:\/\/bearingevent.se\/wp-content\/uploads\/2018\/03\/Bearing_Widgets_Merch2_2-mar-2018-150x150.jpg 150w, https:\/\/bearingevent.se\/wp-content\/uploads\/2018\/03\/Bearing_Widgets_Merch2_2-mar-2018-768x768.jpg 768w, https:\/\/bearingevent.se\/wp-content\/uploads\/2018\/03\/Bearing_Widgets_Merch2_2-mar-2018-1024x1024.jpg 1024w, https:\/\/bearingevent.se\/wp-content\/uploads\/2018\/03\/Bearing_Widgets_Merch2_2-mar-2018-1080x1080.jpg 1080w\" sizes=\"(max-width: 66px) 100vw, 66px\" \/><\/p>\n<h4 style=\"text-align: center;\"><strong>Merchandise<\/strong><\/h4>\n<h4 style=\"text-align: center;\">Jag har identifierat ett &#8221;h\u00e5l&#8221; p\u00e5 marknaden inom merchandise f\u00f6r artister&#8230;<\/h4>\n<p>&nbsp;<\/p>\n<p style=\"text-align: center;\"><img loading=\"lazy\" class=\"wp-image-481 alignnone size-medium\" src=\"https:\/\/bearingevent.se\/wp-content\/uploads\/2018\/03\/Widgets_Hantverk_13-mar-2018-300x300.jpg\" alt=\"\" width=\"66\" height=\"66\" srcset=\"https:\/\/bearingevent.se\/wp-content\/uploads\/2018\/03\/Widgets_Hantverk_13-mar-2018-300x300.jpg 300w, https:\/\/bearingevent.se\/wp-content\/uploads\/2018\/03\/Widgets_Hantverk_13-mar-2018-150x150.jpg 150w, https:\/\/bearingevent.se\/wp-content\/uploads\/2018\/03\/Widgets_Hantverk_13-mar-2018-768x768.jpg 768w, https:\/\/bearingevent.se\/wp-content\/uploads\/2018\/03\/Widgets_Hantverk_13-mar-2018-1024x1024.jpg 1024w, https:\/\/bearingevent.se\/wp-content\/uploads\/2018\/03\/Widgets_Hantverk_13-mar-2018-1080x1080.jpg 1080w\" sizes=\"(max-width: 66px) 100vw, 66px\" \/><\/p>\n<h4 style=\"text-align: center;\"><strong>Hantverkstj\u00e4nst<\/strong><\/h4>\n<h4 style=\"text-align: center;\">Jag utvecklar en unik hantverkstj\u00e4nst, h\u00e5ller p\u00e5 med tester och prov.<\/h4>\n<p>&nbsp;<\/p>\n<p>&nbsp;<\/p>\n<h5 style=\"text-align: center;\">L\u00e5ter n\u00e5got av detta intressant och vill du veta mer?<\/h5>\n<h5 style=\"text-align: center;\">Fyll i kontaktformul\u00e4ret <span style=\"text-decoration: underline;\"><span style=\"color: #3366ff;\"><a style=\"color: #3366ff; text-decoration: underline;\" title=\"Kontakt\" href=\"https:\/\/bearingevent.se\/?page_id=62\" target=\"_blank\" rel=\"noopener noreferrer\">h\u00e4r<\/a><\/span><\/span> eller maila: info (a) bearingevent.se<\/h5>\n<p>&nbsp;<\/p>\n<h4 style=\"text-align: center;\"><img loading=\"lazy\" class=\"wp-image-468 alignnone size-full\" src=\"https:\/\/bearingevent.se\/wp-content\/uploads\/2018\/03\/Bearing-Event-VU-anim_B-low_14-mar-2018.gif\" alt=\"\" width=\"66\" height=\"66\" \/><\/h4>\n<p style=\"text-align: center;\">\n[\/et_pb_text][\/et_pb_column][\/et_pb_row][\/et_pb_section]<\/p>\n","protected":false},"excerpt":{"rendered":"<p>&nbsp; \u00d6vriga projekt: H\u00e4r \u00e4r n\u00e5gra sp\u00e4nnande id\u00e9er jag har. Kanske n\u00e5got projekt blir mer konkret&#8230; &nbsp; &nbsp; Alla lokaler och butiker\u00a0 En tj\u00e4nst f\u00f6r att f\u00e5 in r\u00e4tt energier i butiker och lokaler (en konferenschef p\u00e5 ett av de st\u00f6rsta hotellen i Las Vegas ber\u00e4ttade f\u00f6r mig hur dom hade byggt och anpassat hela [&hellip;]<\/p>\n","protected":false},"author":2,"featured_media":0,"parent":0,"menu_order":0,"comment_status":"closed","ping_status":"closed","template":"","meta":{"_et_pb_use_builder":"on","_et_pb_old_content":"<h2 style=\"text-align: center;\"><img class=\"wp-image-126 alignnone size-medium\" src=\"https:\/\/bearingevent.se\/wp-content\/uploads\/2018\/02\/Bearing_Widgets_\u00d6vrigt_14-feb-2018-300x300.jpg\" alt=\"\" width=\"64\" height=\"64\" \/><\/h2><h2 style=\"text-align: center;\">\u00d6vriga projekt<\/h2><h4 style=\"text-align: center;\"><strong>e-handel<\/strong> - jag och en partner har hittat en unik produkt, nu unders\u00f6ker vi om det finns intresse av denna produkt till det pris vi har t\u00e4nkt oss...,<\/h4><h4 style=\"text-align: center;\"><strong>IT-projekt<\/strong> - Jag har en id\u00e9 och har satt en \"hacker\" p\u00e5 att unders\u00f6ka om det \u00e4r tekniskt m\u00f6jligt...<\/h4><h4 style=\"text-align: center;\"><strong>Merchandise<\/strong> - jag har identifierat ett \"h\u00e5l\" p\u00e5 marknaden inom merchandise f\u00f6r artister...<\/h4><h4 style=\"text-align: center;\"><strong>Alla lokaler och butiker<\/strong> - en tj\u00e4nst f\u00f6r att f\u00e5 r\u00e4tt energier i butiker och lokaler (fr\u00e5n en id\u00e9 fr\u00e5n en konferenschef p\u00e5 ett j\u00e4ttehotell i Las Vegas ber\u00e4ttade f\u00f6r mig...).<\/h4><p style=\"text-align: center;\">(mer information kommer...)<\/p>","_et_gb_content_width":""},"_links":{"self":[{"href":"https:\/\/bearingevent.se\/index.php?rest_route=\/wp\/v2\/pages\/260"}],"collection":[{"href":"https:\/\/bearingevent.se\/index.php?rest_route=\/wp\/v2\/pages"}],"about":[{"href":"https:\/\/bearingevent.se\/index.php?rest_route=\/wp\/v2\/types\/page"}],"author":[{"embeddable":true,"href":"https:\/\/bearingevent.se\/index.php?rest_route=\/wp\/v2\/users\/2"}],"replies":[{"embeddable":true,"href":"https:\/\/bearingevent.se\/index.php?rest_route=%2Fwp%2Fv2%2Fcomments&post=260"}],"version-history":[{"count":33,"href":"https:\/\/bearingevent.se\/index.php?rest_route=\/wp\/v2\/pages\/260\/revisions"}],"predecessor-version":[{"id":728,"href":"https:\/\/bearingevent.se\/index.php?rest_route=\/wp\/v2\/pages\/260\/revisions\/728"}],"wp:attachment":[{"href":"https:\/\/bearingevent.se\/index.php?rest_route=%2Fwp%2Fv2%2Fmedia&parent=260"}],"curies":[{"name":"wp","href":"https:\/\/api.w.org\/{rel}","templated":true}]}}