{"id":345,"date":"2018-03-02T16:07:17","date_gmt":"2018-03-02T16:07:17","guid":{"rendered":"http:\/\/bearingevent.se\/?page_id=345"},"modified":"2018-10-07T19:36:36","modified_gmt":"2018-10-07T19:36:36","slug":"ideer-2","status":"publish","type":"page","link":"https:\/\/bearingevent.se\/?page_id=345","title":{"rendered":"Id\u00e9er"},"content":{"rendered":"<p>[et_pb_section fb_built=&#8221;1&#8243; _builder_version=&#8221;3.0.100&#8243; background_image=&#8221;https:\/\/bearingevent.se\/wp-content\/uploads\/2018\/02\/Huvud_Event-indsida_A_besk_19-feb-2018.png&#8221; box_shadow_style=&#8221;preset3&#8243;][et_pb_row _builder_version=&#8221;3.0.100&#8243; background_size=&#8221;initial&#8221; background_position=&#8221;top_left&#8221; background_repeat=&#8221;repeat&#8221;][et_pb_column type=&#8221;4_4&#8243; _builder_version=&#8221;3.0.47&#8243; parallax=&#8221;off&#8221; parallax_method=&#8221;on&#8221;][et_pb_text _builder_version=&#8221;3.0.100&#8243; text_font=&#8221;||||||||&#8221; text_text_shadow_style=&#8221;preset2&#8243; text_text_shadow_horizontal_length=&#8221;0.2em&#8221; text_text_shadow_vertical_length=&#8221;0.2em&#8221;]<\/p>\n<h1 style=\"text-align: center;\"><span style=\"color: #ffffff;\"><strong><em>\u2013 M\u00e5ste deltagarna g\u00e5 in genom en d\u00f6rr?<\/em><\/strong><\/span><\/h1>\n<p>[\/et_pb_text][\/et_pb_column][\/et_pb_row][\/et_pb_section][et_pb_section fb_built=&#8221;1&#8243; _builder_version=&#8221;3.0.100&#8243; background_image=&#8221;https:\/\/bearingevent.se\/wp-content\/uploads\/2018\/02\/Bearing-Event-Bj\u00f6rnsp\u00e5r-A-halv3-50-4.png&#8221; background_size=&#8221;contain&#8221; background_position=&#8221;top_left&#8221; custom_padding=&#8221;3px|0px|54px|0px&#8221; box_shadow_style=&#8221;preset6&#8243;][et_pb_row custom_padding=&#8221;53px|0px|27px|0px&#8221; custom_margin=&#8221;|||&#8221; _builder_version=&#8221;3.0.100&#8243; background_size=&#8221;initial&#8221; background_position=&#8221;top_left&#8221; background_repeat=&#8221;repeat&#8221;][et_pb_column type=&#8221;4_4&#8243; _builder_version=&#8221;3.0.47&#8243; parallax=&#8221;off&#8221; parallax_method=&#8221;on&#8221;][et_pb_text _builder_version=&#8221;3.0.100&#8243; header_font=&#8221;||||||||&#8221; header_4_font=&#8221;||||||||&#8221; header_4_line_height=&#8221;1.5em&#8221; custom_margin=&#8221;|0px||0px&#8221;]<\/p>\n<p><img loading=\"lazy\" class=\"wp-image-102 aligncenter\" style=\"display: block; margin-left: auto; margin-right: auto;\" src=\"https:\/\/bearingevent.se\/wp-content\/uploads\/2018\/02\/Bearing_Widgets_Ide_13-feb-2018-1-300x300.jpg\" alt=\"\" width=\"100\" height=\"100\" srcset=\"https:\/\/bearingevent.se\/wp-content\/uploads\/2018\/02\/Bearing_Widgets_Ide_13-feb-2018-1-300x300.jpg 300w, https:\/\/bearingevent.se\/wp-content\/uploads\/2018\/02\/Bearing_Widgets_Ide_13-feb-2018-1-150x150.jpg 150w, https:\/\/bearingevent.se\/wp-content\/uploads\/2018\/02\/Bearing_Widgets_Ide_13-feb-2018-1-768x768.jpg 768w, https:\/\/bearingevent.se\/wp-content\/uploads\/2018\/02\/Bearing_Widgets_Ide_13-feb-2018-1-1024x1024.jpg 1024w, https:\/\/bearingevent.se\/wp-content\/uploads\/2018\/02\/Bearing_Widgets_Ide_13-feb-2018-1-1080x1080.jpg 1080w\" sizes=\"(max-width: 100px) 100vw, 100px\" \/><\/p>\n<h4 style=\"text-align: center;\">F\u00f6r ditt m\u00f6te utvecklar jag; hela eller delar av koncept:<\/h4>\n<h4 style=\"text-align: center;\"><strong>Id\u00e9er, tema och m\u00f6tetsdramaturgi.<\/strong><\/h4>\n<h4 style=\"text-align: center;\">Hj\u00e4lp med att hitta r\u00e4tt lokal f\u00f6r just ert m\u00f6te. Jag har varit n\u00e4rvarande i hundratals lokaler \u2013\u00a0b\u00e5de i Sverige och utomlands\u00a0\u2013<strong>\u00a0<\/strong>jag vet vilken lokal som kommer att vara optimal f\u00f6r just ert m\u00f6te.<\/h4>\n<h4 style=\"text-align: center;\">Lokalens visuella utseende med kreativ och optimal m\u00f6blering. Jag kan g\u00f6ra 3D-bilder och ritningar \u00f6ver lokalen.<\/h4>\n<h4 style=\"text-align: center;\">Hur man f\u00e5r deltagarna i r\u00e4tt <strong>&#8221;mindset&#8221;<\/strong>, jag har id\u00e9er, rutiner och verktyg att skapa detta.<\/h4>\n<h4 style=\"text-align: center;\">Min devis \u00e4r:<strong> <em>\u2013 M\u00e5ste deltagarna g\u00e5 in genom en d\u00f6rr?<\/em><\/strong><\/h4>\n<h4 style=\"text-align: center;\">R\u00e4tt AV-tekniska l\u00f6sningar f\u00f6r just ert m\u00f6te. Ritningar \u00f6ver AV-l\u00f6sningar som underl\u00e4ttar kommunikationen med AV-teknikerna.<\/h4>\n<h4 style=\"text-align: center;\">Grafisk design, Ppt, konferenslogo, etc.<\/h4>\n<h4 style=\"text-align: center;\">B\u00e4sta s\u00e4tt att starta <span style=\"text-decoration: underline;\">ert<\/span> m\u00f6te. Att avsluta.<\/h4>\n<h4 style=\"text-align: center;\">F\u00e5 in r\u00e4tt energier i m\u00f6tesrummet, etc.<\/h4>\n<h4 style=\"text-align: center;\"><strong>\u2013 Allt i samklang med <span style=\"text-decoration: underline;\">ert<\/span> m\u00f6tes syfte och m\u00e5l.<\/strong><\/h4>\n<p>&nbsp;<\/p>\n<h2><\/h2>\n<h4 style=\"text-align: center;\">Skall du bygga ett nytt konferensrum? Fr\u00e5ga mig! Jag har ocks\u00e5 friska id\u00e9er om framtidens konferensrum.<\/h4>\n<p>&nbsp;<\/p>\n<h4 style=\"text-align: center;\">Jag har en vild id\u00e9 om en unik anl\u00e4ggning\u00a0<strong>\u2013 sport, hotell, konferens\u00a0<\/strong><strong>\u2013\u00a0<\/strong>som inte finns n\u00e5gonstans i hela v\u00e4rlden. <span style=\"text-decoration: underline;\"><a href=\"https:\/\/bearingevent.se\/?page_id=62\">Kontakta mig!<\/a><\/span><\/h4>\n<p>&nbsp;<\/p>\n<p style=\"text-align: center;\"><img loading=\"lazy\" class=\"wp-image-508 alignnone size-full\" src=\"https:\/\/bearingevent.se\/wp-content\/uploads\/2018\/04\/Widgets200_anim_low_14-mar-2018.gif\" alt=\"\" width=\"101\" height=\"101\" \/><\/p>\n<h4 style=\"text-align: center;\">Min erfarenhetslista; <strong><em>\u201d200 tips f\u00f6r ett lyckat m\u00f6te&#8221;<\/em><\/strong>\u00a0&#8230;inneh\u00e5ller nu 628 punkter&#8230;<\/h4>\n<p>&nbsp;<\/p>\n<p style=\"text-align: center;\"><img loading=\"lazy\" class=\"wp-image-454 alignnone size-medium\" src=\"https:\/\/bearingevent.se\/wp-content\/uploads\/2018\/03\/Bearing_Widgets_Kreativt-Verktyg_13-mar-2018-300x300.jpg\" alt=\"\" width=\"100\" height=\"100\" srcset=\"https:\/\/bearingevent.se\/wp-content\/uploads\/2018\/03\/Bearing_Widgets_Kreativt-Verktyg_13-mar-2018-300x300.jpg 300w, https:\/\/bearingevent.se\/wp-content\/uploads\/2018\/03\/Bearing_Widgets_Kreativt-Verktyg_13-mar-2018-150x150.jpg 150w, https:\/\/bearingevent.se\/wp-content\/uploads\/2018\/03\/Bearing_Widgets_Kreativt-Verktyg_13-mar-2018-768x768.jpg 768w, https:\/\/bearingevent.se\/wp-content\/uploads\/2018\/03\/Bearing_Widgets_Kreativt-Verktyg_13-mar-2018-1024x1024.jpg 1024w, https:\/\/bearingevent.se\/wp-content\/uploads\/2018\/03\/Bearing_Widgets_Kreativt-Verktyg_13-mar-2018-1080x1080.jpg 1080w\" sizes=\"(max-width: 100px) 100vw, 100px\" \/><\/p>\n<h4 style=\"text-align: center;\">Jag har utvecklat ett <em>&#8221;<\/em><strong><em>kreativt verktyg&#8221;<\/em><\/strong> som hj\u00e4lper mig att ta fram id\u00e9er och nya tankem\u00f6nster&#8230;<\/h4>\n<p>&nbsp;<\/p>\n<p>&nbsp;<\/p>\n<h4 style=\"text-align: center;\">Uppdrag p\u00e5 n\u00e5gra timmar till mer omfatttande projekt.<\/h4>\n<h6 style=\"text-align: center;\"><\/h6>\n<p>[\/et_pb_text][et_pb_button button_url=&#8221;https:\/\/bearingevent.se\/?page_id=62&#8243; url_new_window=&#8221;on&#8221; button_text=&#8221;Kontakt&#8221; button_alignment=&#8221;center&#8221; _builder_version=&#8221;3.0.100&#8243; custom_button=&#8221;on&#8221; button_text_size=&#8221;16px&#8221; button_text_color=&#8221;#000000&#8243; button_bg_color=&#8221;rgba(0,0,0,0.06)&#8221; button_border_color=&#8221;#e02b20&#8243; button_border_radius=&#8221;11px&#8221; button_letter_spacing=&#8221;6px&#8221; button_font=&#8221;||||||||&#8221; button_use_icon=&#8221;off&#8221; animation_style=&#8221;fade&#8221; box_shadow_style=&#8221;preset3&#8243; box_shadow_spread=&#8221;-3px&#8221;][\/et_pb_button][\/et_pb_column][\/et_pb_row][\/et_pb_section]<\/p>\n","protected":false},"excerpt":{"rendered":"<p>\u2013 M\u00e5ste deltagarna g\u00e5 in genom en d\u00f6rr? F\u00f6r ditt m\u00f6te utvecklar jag; hela eller delar av koncept: Id\u00e9er, tema och m\u00f6tetsdramaturgi. Hj\u00e4lp med att hitta r\u00e4tt lokal f\u00f6r just ert m\u00f6te. Jag har varit n\u00e4rvarande i hundratals lokaler \u2013\u00a0b\u00e5de i Sverige och utomlands\u00a0\u2013\u00a0jag vet vilken lokal som kommer att vara optimal f\u00f6r just ert [&hellip;]<\/p>\n","protected":false},"author":2,"featured_media":0,"parent":0,"menu_order":0,"comment_status":"closed","ping_status":"closed","template":"","meta":{"_et_pb_use_builder":"on","_et_pb_old_content":"","_et_gb_content_width":""},"_links":{"self":[{"href":"https:\/\/bearingevent.se\/index.php?rest_route=\/wp\/v2\/pages\/345"}],"collection":[{"href":"https:\/\/bearingevent.se\/index.php?rest_route=\/wp\/v2\/pages"}],"about":[{"href":"https:\/\/bearingevent.se\/index.php?rest_route=\/wp\/v2\/types\/page"}],"author":[{"embeddable":true,"href":"https:\/\/bearingevent.se\/index.php?rest_route=\/wp\/v2\/users\/2"}],"replies":[{"embeddable":true,"href":"https:\/\/bearingevent.se\/index.php?rest_route=%2Fwp%2Fv2%2Fcomments&post=345"}],"version-history":[{"count":40,"href":"https:\/\/bearingevent.se\/index.php?rest_route=\/wp\/v2\/pages\/345\/revisions"}],"predecessor-version":[{"id":796,"href":"https:\/\/bearingevent.se\/index.php?rest_route=\/wp\/v2\/pages\/345\/revisions\/796"}],"wp:attachment":[{"href":"https:\/\/bearingevent.se\/index.php?rest_route=%2Fwp%2Fv2%2Fmedia&parent=345"}],"curies":[{"name":"wp","href":"https:\/\/api.w.org\/{rel}","templated":true}]}}